{"id":7,"date":"2025-11-12T11:16:54","date_gmt":"2025-11-12T14:16:54","guid":{"rendered":"https:\/\/chaveiroimobiliario.com.br\/?page_id=7"},"modified":"2025-12-05T15:14:24","modified_gmt":"2025-12-05T18:14:24","slug":"home","status":"publish","type":"page","link":"https:\/\/chaveiroimobiliario.com.br\/","title":{"rendered":"Home"},"content":{"rendered":"\t\t<div data-elementor-type=\"wp-page\" data-elementor-id=\"7\" class=\"elementor elementor-7\" data-elementor-post-type=\"page\">\n\t\t\t\t<div class=\"elementor-element elementor-element-a421a9a e-flex e-con-boxed e-con e-parent\" data-id=\"a421a9a\" data-element_type=\"container\" id=\"imobiliario\" data-settings=\"{&quot;background_background&quot;:&quot;classic&quot;}\">\n\t\t\t\t\t<div class=\"e-con-inner\">\n\t\t<div class=\"elementor-element elementor-element-1298780 e-con-full e-flex e-con e-child\" data-id=\"1298780\" data-element_type=\"container\">\n\t\t\t\t<div class=\"elementor-element elementor-element-6b23aec elementor-widget elementor-widget-image\" data-id=\"6b23aec\" data-element_type=\"widget\" data-widget_type=\"image.default\">\n\t\t\t\t\t\t\t\t\t\t\t\t\t\t\t<img fetchpriority=\"high\" decoding=\"async\" width=\"800\" height=\"800\" src=\"https:\/\/chaveiroimobiliario.com.br\/wp-content\/uploads\/2025\/11\/ChaveirosRioJaneiro.png\" class=\"attachment-large size-large wp-image-256\" alt=\"\" srcset=\"https:\/\/chaveiroimobiliario.com.br\/wp-content\/uploads\/2025\/11\/ChaveirosRioJaneiro.png 1000w, https:\/\/chaveiroimobiliario.com.br\/wp-content\/uploads\/2025\/11\/ChaveirosRioJaneiro-300x300.png 300w, https:\/\/chaveiroimobiliario.com.br\/wp-content\/uploads\/2025\/11\/ChaveirosRioJaneiro-150x150.png 150w, https:\/\/chaveiroimobiliario.com.br\/wp-content\/uploads\/2025\/11\/ChaveirosRioJaneiro-768x768.png 768w\" sizes=\"(max-width: 800px) 100vw, 800px\" \/>\t\t\t\t\t\t\t\t\t\t\t\t\t\t\t<\/div>\n\t\t\t\t<\/div>\n\t\t<div class=\"elementor-element elementor-element-9505504 e-con-full e-flex e-con e-child\" data-id=\"9505504\" data-element_type=\"container\">\n\t\t\t\t<div class=\"elementor-element elementor-element-de8bdc3 elementor-widget elementor-widget-heading\" data-id=\"de8bdc3\" data-element_type=\"widget\" data-widget_type=\"heading.default\">\n\t\t\t\t\t<h2 class=\"elementor-heading-title elementor-size-default\">Chaveiro Imobili\u00e1rio<\/h2>\t\t\t\t<\/div>\n\t\t\t\t<div class=\"elementor-element elementor-element-bfe30cb elementor-widget elementor-widget-heading\" data-id=\"bfe30cb\" data-element_type=\"widget\" data-widget_type=\"heading.default\">\n\t\t\t\t\t<h2 class=\"elementor-heading-title elementor-size-default\">Para Imobili\u00e1rias <br>Para Corretores<\/h2>\t\t\t\t<\/div>\n\t\t\t\t<div class=\"elementor-element elementor-element-9e3991f elementor-widget elementor-widget-text-editor\" data-id=\"9e3991f\" data-element_type=\"widget\" data-widget_type=\"text-editor.default\">\n\t\t\t\t\t\t\t\t\t<p>Chaveiros personalizados que fortalecem a marca da sua imobili\u00e1ria e facilitam o dia a dia dos corretores para controlar e organizar as chaves dos im\u00f3veis. Medindo 7x5cm, alta durabilidade e praticidade em um acess\u00f3rio essencial para identifica\u00e7\u00e3o de im\u00f3veis em venda ou aluguel. o Chaveiro imobili\u00e1rio \u00e9 o ideal para destacar sua empresa e desenvolver um elo de confian\u00e7a com seus clientes.<\/p>\t\t\t\t\t\t\t\t<\/div>\n\t\t\t\t<div class=\"elementor-element elementor-element-21a2e30 elementor-mobile-align-center elementor-widget elementor-widget-button\" data-id=\"21a2e30\" data-element_type=\"widget\" data-widget_type=\"button.default\">\n\t\t\t\t\t\t\t\t\t\t<a class=\"elementor-button elementor-button-link elementor-size-sm\" href=\"https:\/\/www.placaimobiliaria.com.br\/chaveiros\/chaveiro-imobiliario-plastico?variant_id=291\">\n\t\t\t\t\t\t<span class=\"elementor-button-content-wrapper\">\n\t\t\t\t\t\t\t\t\t<span class=\"elementor-button-text\">Veja Mais<\/span>\n\t\t\t\t\t<\/span>\n\t\t\t\t\t<\/a>\n\t\t\t\t\t\t\t\t<\/div>\n\t\t\t\t<\/div>\n\t\t\t\t\t<\/div>\n\t\t\t\t<\/div>\n\t\t<div class=\"elementor-element elementor-element-0c180b0 e-flex e-con-boxed e-con e-parent\" data-id=\"0c180b0\" data-element_type=\"container\" id=\"diferente\" data-settings=\"{&quot;background_background&quot;:&quot;classic&quot;}\">\n\t\t\t\t\t<div class=\"e-con-inner\">\n\t\t<div class=\"elementor-element elementor-element-32fbf13 e-con-full e-flex e-con e-child\" data-id=\"32fbf13\" data-element_type=\"container\">\n\t\t\t\t<div class=\"elementor-element elementor-element-6a72fbe elementor-widget elementor-widget-heading\" data-id=\"6a72fbe\" data-element_type=\"widget\" data-widget_type=\"heading.default\">\n\t\t\t\t\t<h2 class=\"elementor-heading-title elementor-size-default\">Chaveiro Imobili\u00e1rio<\/h2>\t\t\t\t<\/div>\n\t\t\t\t<div class=\"elementor-element elementor-element-cada632 elementor-widget elementor-widget-heading\" data-id=\"cada632\" data-element_type=\"widget\" data-widget_type=\"heading.default\">\n\t\t\t\t\t<h2 class=\"elementor-heading-title elementor-size-default\">Chaveiro <br>Diferente<\/h2>\t\t\t\t<\/div>\n\t\t\t\t<div class=\"elementor-element elementor-element-08400f5 elementor-widget elementor-widget-text-editor\" data-id=\"08400f5\" data-element_type=\"widget\" data-widget_type=\"text-editor.default\">\n\t\t\t\t\t\t\t\t\t<p>Chaveiro imobili\u00e1rio em plastico transl\u00facido, medindo 5 cm x 3 cm, ideal para identifica\u00e7\u00e3o de chaves de im\u00f3veis. Com espa\u00e7o para inserir a logomarca da imobili\u00e1ria e as principais informa\u00e7\u00f5es de contato, \u00e9 a solu\u00e7\u00e3o pr\u00e1tica e profissional para organizar chaves e valorizar o atendimento ao cliente.<\/p>\t\t\t\t\t\t\t\t<\/div>\n\t\t\t\t<div class=\"elementor-element elementor-element-cb52801 elementor-mobile-align-center elementor-widget elementor-widget-button\" data-id=\"cb52801\" data-element_type=\"widget\" data-widget_type=\"button.default\">\n\t\t\t\t\t\t\t\t\t\t<a class=\"elementor-button elementor-button-link elementor-size-sm\" href=\"https:\/\/www.placaimobiliaria.com.br\/chaveiro-imobiliario\/chaveiro-diferente\/chaveiro-imobiliario-diferente?variant_id=204\">\n\t\t\t\t\t\t<span class=\"elementor-button-content-wrapper\">\n\t\t\t\t\t\t\t\t\t<span class=\"elementor-button-text\">Saiba Mais<\/span>\n\t\t\t\t\t<\/span>\n\t\t\t\t\t<\/a>\n\t\t\t\t\t\t\t\t<\/div>\n\t\t\t\t<\/div>\n\t\t<div class=\"elementor-element elementor-element-06341ad e-con-full e-flex e-con e-child\" data-id=\"06341ad\" data-element_type=\"container\">\n\t\t\t\t<div class=\"elementor-element elementor-element-ad9fe14 elementor-widget elementor-widget-image\" data-id=\"ad9fe14\" data-element_type=\"widget\" data-widget_type=\"image.default\">\n\t\t\t\t\t\t\t\t\t\t\t\t\t\t\t<img decoding=\"async\" width=\"800\" height=\"800\" src=\"https:\/\/chaveiroimobiliario.com.br\/wp-content\/uploads\/2025\/11\/ChaveiroCorretorRioDeJaneiro-2.png\" class=\"attachment-large size-large wp-image-223\" alt=\"\" srcset=\"https:\/\/chaveiroimobiliario.com.br\/wp-content\/uploads\/2025\/11\/ChaveiroCorretorRioDeJaneiro-2.png 1000w, https:\/\/chaveiroimobiliario.com.br\/wp-content\/uploads\/2025\/11\/ChaveiroCorretorRioDeJaneiro-2-300x300.png 300w, https:\/\/chaveiroimobiliario.com.br\/wp-content\/uploads\/2025\/11\/ChaveiroCorretorRioDeJaneiro-2-150x150.png 150w, https:\/\/chaveiroimobiliario.com.br\/wp-content\/uploads\/2025\/11\/ChaveiroCorretorRioDeJaneiro-2-768x768.png 768w\" sizes=\"(max-width: 800px) 100vw, 800px\" \/>\t\t\t\t\t\t\t\t\t\t\t\t\t\t\t<\/div>\n\t\t\t\t<\/div>\n\t\t\t\t\t<\/div>\n\t\t\t\t<\/div>\n\t\t<div class=\"elementor-element elementor-element-6202446 e-flex e-con-boxed e-con e-parent\" data-id=\"6202446\" data-element_type=\"container\" id=\"acrilicoGrande\" data-settings=\"{&quot;background_background&quot;:&quot;classic&quot;}\">\n\t\t\t\t\t<div class=\"e-con-inner\">\n\t\t<div class=\"elementor-element elementor-element-b7fd211 e-con-full e-flex e-con e-child\" data-id=\"b7fd211\" data-element_type=\"container\">\n\t\t\t\t<div class=\"elementor-element elementor-element-1107d5e elementor-widget elementor-widget-image\" data-id=\"1107d5e\" data-element_type=\"widget\" data-widget_type=\"image.default\">\n\t\t\t\t\t\t\t\t\t\t\t\t\t\t\t<img decoding=\"async\" width=\"800\" height=\"800\" src=\"https:\/\/chaveiroimobiliario.com.br\/wp-content\/uploads\/2025\/12\/Chaveiro.png\" class=\"attachment-large size-large wp-image-427\" alt=\"\" srcset=\"https:\/\/chaveiroimobiliario.com.br\/wp-content\/uploads\/2025\/12\/Chaveiro.png 1000w, https:\/\/chaveiroimobiliario.com.br\/wp-content\/uploads\/2025\/12\/Chaveiro-300x300.png 300w, https:\/\/chaveiroimobiliario.com.br\/wp-content\/uploads\/2025\/12\/Chaveiro-150x150.png 150w, https:\/\/chaveiroimobiliario.com.br\/wp-content\/uploads\/2025\/12\/Chaveiro-768x768.png 768w\" sizes=\"(max-width: 800px) 100vw, 800px\" \/>\t\t\t\t\t\t\t\t\t\t\t\t\t\t\t<\/div>\n\t\t\t\t<\/div>\n\t\t<div class=\"elementor-element elementor-element-14f3eb5 e-con-full e-flex e-con e-child\" data-id=\"14f3eb5\" data-element_type=\"container\">\n\t\t\t\t<div class=\"elementor-element elementor-element-3a796a9 elementor-widget elementor-widget-heading\" data-id=\"3a796a9\" data-element_type=\"widget\" data-widget_type=\"heading.default\">\n\t\t\t\t\t<h2 class=\"elementor-heading-title elementor-size-default\">Chaveiro Imobili\u00e1rio<\/h2>\t\t\t\t<\/div>\n\t\t\t\t<div class=\"elementor-element elementor-element-062febb elementor-hidden-tablet elementor-hidden-mobile elementor-widget elementor-widget-heading\" data-id=\"062febb\" data-element_type=\"widget\" data-widget_type=\"heading.default\">\n\t\t\t\t\t<h2 class=\"elementor-heading-title elementor-size-default\">Chaveiro <br>Acr\u00edlico&nbsp;\u2028Grande<\/h2>\t\t\t\t<\/div>\n\t\t\t\t<div class=\"elementor-element elementor-element-2decfac elementor-hidden-desktop elementor-widget elementor-widget-heading\" data-id=\"2decfac\" data-element_type=\"widget\" data-widget_type=\"heading.default\">\n\t\t\t\t\t<h2 class=\"elementor-heading-title elementor-size-default\">Chaveiro Acr\u00edlico\u2028Grande<\/h2>\t\t\t\t<\/div>\n\t\t\t\t<div class=\"elementor-element elementor-element-901d121 elementor-widget elementor-widget-text-editor\" data-id=\"901d121\" data-element_type=\"widget\" data-widget_type=\"text-editor.default\">\n\t\t\t\t\t\t\t\t\t<p>Chaveiro imobili\u00e1rio em acr\u00edlico tamanho, medindo 6,5&#215;4,5cm, \u00e9 muito pratico para identifica\u00e7\u00e3o de chaves de im\u00f3veis. Com espa\u00e7o para inserir a logomarca da imobili\u00e1ria e as principais do im\u00f3vel, \u00e9 a solu\u00e7\u00e3o profissional para organizar chaves e facilitar a vida no dia-a-dia.<\/p>\t\t\t\t\t\t\t\t<\/div>\n\t\t\t\t<div class=\"elementor-element elementor-element-5018c8d elementor-mobile-align-center elementor-widget elementor-widget-button\" data-id=\"5018c8d\" data-element_type=\"widget\" data-widget_type=\"button.default\">\n\t\t\t\t\t\t\t\t\t\t<a class=\"elementor-button elementor-button-link elementor-size-sm\" href=\"https:\/\/www.placaimobiliaria.com.br\/loja\/produto.php?loja=557039&#038;IdProd=203&#038;iniSession=1&#038;hash=450209224\">\n\t\t\t\t\t\t<span class=\"elementor-button-content-wrapper\">\n\t\t\t\t\t\t\t\t\t<span class=\"elementor-button-text\">Veja Mais<\/span>\n\t\t\t\t\t<\/span>\n\t\t\t\t\t<\/a>\n\t\t\t\t\t\t\t\t<\/div>\n\t\t\t\t<\/div>\n\t\t\t\t\t<\/div>\n\t\t\t\t<\/div>\n\t\t<div class=\"elementor-element elementor-element-3441411 e-flex e-con-boxed e-con e-parent\" data-id=\"3441411\" data-element_type=\"container\" id=\"acrilicroPequeno\" data-settings=\"{&quot;background_background&quot;:&quot;classic&quot;}\">\n\t\t\t\t\t<div class=\"e-con-inner\">\n\t\t<div class=\"elementor-element elementor-element-6402e56 e-con-full e-flex e-con e-child\" data-id=\"6402e56\" data-element_type=\"container\">\n\t\t\t\t<div class=\"elementor-element elementor-element-311eb24 elementor-widget elementor-widget-heading\" data-id=\"311eb24\" data-element_type=\"widget\" data-widget_type=\"heading.default\">\n\t\t\t\t\t<h2 class=\"elementor-heading-title elementor-size-default\">Chaveiro Imobili\u00e1rio<\/h2>\t\t\t\t<\/div>\n\t\t\t\t<div class=\"elementor-element elementor-element-e1b1ab6 elementor-hidden-tablet elementor-hidden-mobile elementor-widget elementor-widget-heading\" data-id=\"e1b1ab6\" data-element_type=\"widget\" data-widget_type=\"heading.default\">\n\t\t\t\t\t<h2 class=\"elementor-heading-title elementor-size-default\">Chaveiro <br>Acr\u00edlico\u2028Pequeno<\/h2>\t\t\t\t<\/div>\n\t\t\t\t<div class=\"elementor-element elementor-element-fd442c1 elementor-hidden-desktop elementor-widget elementor-widget-heading\" data-id=\"fd442c1\" data-element_type=\"widget\" data-widget_type=\"heading.default\">\n\t\t\t\t\t<h2 class=\"elementor-heading-title elementor-size-default\">Chaveiro Acr\u00edlico\u2028Pequeno<\/h2>\t\t\t\t<\/div>\n\t\t\t\t<div class=\"elementor-element elementor-element-4933a93 elementor-widget elementor-widget-text-editor\" data-id=\"4933a93\" data-element_type=\"widget\" data-widget_type=\"text-editor.default\">\n\t\t\t\t\t\t\t\t\t<p>Chaveiro imobili\u00e1rio em acr\u00edlico tamanho, medindo 3x4cm, \u00e9 muito pratico para identifica\u00e7\u00e3o de chaves de im\u00f3veis. Com espa\u00e7o para inserir a logomarca da imobili\u00e1ria e as principais do im\u00f3vel, \u00e9 a solu\u00e7\u00e3o profissional para organizar chaves e facilitar a vida no dia-a-dia.<\/p>\t\t\t\t\t\t\t\t<\/div>\n\t\t\t\t<div class=\"elementor-element elementor-element-42672fd elementor-mobile-align-center elementor-widget elementor-widget-button\" data-id=\"42672fd\" data-element_type=\"widget\" data-widget_type=\"button.default\">\n\t\t\t\t\t\t\t\t\t\t<a class=\"elementor-button elementor-button-link elementor-size-sm\" href=\"#\">\n\t\t\t\t\t\t<span class=\"elementor-button-content-wrapper\">\n\t\t\t\t\t\t\t\t\t<span class=\"elementor-button-text\">Contato<\/span>\n\t\t\t\t\t<\/span>\n\t\t\t\t\t<\/a>\n\t\t\t\t\t\t\t\t<\/div>\n\t\t\t\t<\/div>\n\t\t<div class=\"elementor-element elementor-element-a242b8d e-con-full e-flex e-con e-child\" data-id=\"a242b8d\" data-element_type=\"container\">\n\t\t\t\t<div class=\"elementor-element elementor-element-74e075c elementor-widget elementor-widget-image\" data-id=\"74e075c\" data-element_type=\"widget\" data-widget_type=\"image.default\">\n\t\t\t\t\t\t\t\t\t\t\t\t\t\t\t<img loading=\"lazy\" decoding=\"async\" width=\"800\" height=\"800\" src=\"https:\/\/chaveiroimobiliario.com.br\/wp-content\/uploads\/2025\/11\/ChaveiroCorretoresRJ.png\" class=\"attachment-large size-large wp-image-337\" alt=\"\" srcset=\"https:\/\/chaveiroimobiliario.com.br\/wp-content\/uploads\/2025\/11\/ChaveiroCorretoresRJ.png 1000w, https:\/\/chaveiroimobiliario.com.br\/wp-content\/uploads\/2025\/11\/ChaveiroCorretoresRJ-300x300.png 300w, https:\/\/chaveiroimobiliario.com.br\/wp-content\/uploads\/2025\/11\/ChaveiroCorretoresRJ-150x150.png 150w, https:\/\/chaveiroimobiliario.com.br\/wp-content\/uploads\/2025\/11\/ChaveiroCorretoresRJ-768x768.png 768w\" sizes=\"(max-width: 800px) 100vw, 800px\" \/>\t\t\t\t\t\t\t\t\t\t\t\t\t\t\t<\/div>\n\t\t\t\t<\/div>\n\t\t\t\t\t<\/div>\n\t\t\t\t<\/div>\n\t\t<div class=\"elementor-element elementor-element-ea50931 e-flex e-con-boxed e-con e-parent\" data-id=\"ea50931\" data-element_type=\"container\" id=\"casinha\" data-settings=\"{&quot;background_background&quot;:&quot;classic&quot;}\">\n\t\t\t\t\t<div class=\"e-con-inner\">\n\t\t<div class=\"elementor-element elementor-element-2559344 e-con-full e-flex e-con e-child\" data-id=\"2559344\" data-element_type=\"container\">\n\t\t\t\t<div class=\"elementor-element elementor-element-d30fb43 elementor-widget elementor-widget-image\" data-id=\"d30fb43\" data-element_type=\"widget\" data-widget_type=\"image.default\">\n\t\t\t\t\t\t\t\t\t\t\t\t\t\t\t<img loading=\"lazy\" decoding=\"async\" width=\"800\" height=\"800\" src=\"https:\/\/chaveiroimobiliario.com.br\/wp-content\/uploads\/2025\/11\/ChaveiroCorretorRioJaneiro.png\" class=\"attachment-large size-large wp-image-232\" alt=\"\" srcset=\"https:\/\/chaveiroimobiliario.com.br\/wp-content\/uploads\/2025\/11\/ChaveiroCorretorRioJaneiro.png 1000w, https:\/\/chaveiroimobiliario.com.br\/wp-content\/uploads\/2025\/11\/ChaveiroCorretorRioJaneiro-300x300.png 300w, https:\/\/chaveiroimobiliario.com.br\/wp-content\/uploads\/2025\/11\/ChaveiroCorretorRioJaneiro-150x150.png 150w, https:\/\/chaveiroimobiliario.com.br\/wp-content\/uploads\/2025\/11\/ChaveiroCorretorRioJaneiro-768x768.png 768w\" sizes=\"(max-width: 800px) 100vw, 800px\" \/>\t\t\t\t\t\t\t\t\t\t\t\t\t\t\t<\/div>\n\t\t\t\t<\/div>\n\t\t<div class=\"elementor-element elementor-element-6cf3193 e-con-full e-flex e-con e-child\" data-id=\"6cf3193\" data-element_type=\"container\">\n\t\t\t\t<div class=\"elementor-element elementor-element-046c3d7 elementor-widget elementor-widget-heading\" data-id=\"046c3d7\" data-element_type=\"widget\" data-widget_type=\"heading.default\">\n\t\t\t\t\t<h2 class=\"elementor-heading-title elementor-size-default\">Chaveiro Imobili\u00e1rio<\/h2>\t\t\t\t<\/div>\n\t\t\t\t<div class=\"elementor-element elementor-element-c21c395 elementor-widget elementor-widget-heading\" data-id=\"c21c395\" data-element_type=\"widget\" data-widget_type=\"heading.default\">\n\t\t\t\t\t<h2 class=\"elementor-heading-title elementor-size-default\">Chaveiro<br> Casinha<\/h2>\t\t\t\t<\/div>\n\t\t\t\t<div class=\"elementor-element elementor-element-35606cd elementor-widget elementor-widget-heading\" data-id=\"35606cd\" data-element_type=\"widget\" data-widget_type=\"heading.default\">\n\t\t\t\t\t<h2 class=\"elementor-heading-title elementor-size-default\">(Para Brinde)<\/h2>\t\t\t\t<\/div>\n\t\t\t\t<div class=\"elementor-element elementor-element-f76d4c6 elementor-widget elementor-widget-text-editor\" data-id=\"f76d4c6\" data-element_type=\"widget\" data-widget_type=\"text-editor.default\">\n\t\t\t\t\t\t\t\t\t<p>Chaveiros personalizados feitos sob medida para o mercado imobili\u00e1rio. Ideais para brinde para imobili\u00e1rias que desejam agregar valor \u00e0 experi\u00eancia do cliente, refor\u00e7ando a identidade da sua marca no momento da entrega do im\u00f3vel. Uma solu\u00e7\u00e3o pr\u00e1tica, elegante e indispens\u00e1vel para destacar seu atendimento e conquistar a confian\u00e7a dos clientes<\/p>\t\t\t\t\t\t\t\t<\/div>\n\t\t\t\t<div class=\"elementor-element elementor-element-68c068b elementor-mobile-align-center elementor-widget elementor-widget-button\" data-id=\"68c068b\" data-element_type=\"widget\" data-widget_type=\"button.default\">\n\t\t\t\t\t\t\t\t\t\t<a class=\"elementor-button elementor-button-link elementor-size-sm\" href=\"https:\/\/www.placaimobiliaria.com.br\/chaveiro-imobiliario\/chaveiro-para-brinde-\">\n\t\t\t\t\t\t<span class=\"elementor-button-content-wrapper\">\n\t\t\t\t\t\t\t\t\t<span class=\"elementor-button-text\">Veja Mais<\/span>\n\t\t\t\t\t<\/span>\n\t\t\t\t\t<\/a>\n\t\t\t\t\t\t\t\t<\/div>\n\t\t\t\t<\/div>\n\t\t\t\t\t<\/div>\n\t\t\t\t<\/div>\n\t\t\t\t<\/div>\n\t\t","protected":false},"excerpt":{"rendered":"<p>Chaveiro Imobili\u00e1rio Para Imobili\u00e1rias Para Corretores Chaveiros personalizados que fortalecem a marca da sua imobili\u00e1ria e facilitam o dia a dia dos corretores para controlar e organizar as chaves dos im\u00f3veis. Medindo 7x5cm, alta durabilidade e praticidade em um acess\u00f3rio essencial para identifica\u00e7\u00e3o de im\u00f3veis em venda ou aluguel. o Chaveiro imobili\u00e1rio \u00e9 o ideal [&hellip;]<\/p>\n","protected":false},"author":1,"featured_media":0,"parent":0,"menu_order":0,"comment_status":"closed","ping_status":"closed","template":"","meta":{"om_disable_all_campaigns":false,"_monsterinsights_skip_tracking":false,"_monsterinsights_sitenote_active":false,"_monsterinsights_sitenote_note":"","_monsterinsights_sitenote_category":0,"footnotes":""},"class_list":["post-7","page","type-page","status-publish","hentry"],"aioseo_notices":[],"_links":{"self":[{"href":"https:\/\/chaveiroimobiliario.com.br\/index.php?rest_route=\/wp\/v2\/pages\/7","targetHints":{"allow":["GET"]}}],"collection":[{"href":"https:\/\/chaveiroimobiliario.com.br\/index.php?rest_route=\/wp\/v2\/pages"}],"about":[{"href":"https:\/\/chaveiroimobiliario.com.br\/index.php?rest_route=\/wp\/v2\/types\/page"}],"author":[{"embeddable":true,"href":"https:\/\/chaveiroimobiliario.com.br\/index.php?rest_route=\/wp\/v2\/users\/1"}],"replies":[{"embeddable":true,"href":"https:\/\/chaveiroimobiliario.com.br\/index.php?rest_route=%2Fwp%2Fv2%2Fcomments&post=7"}],"version-history":[{"count":295,"href":"https:\/\/chaveiroimobiliario.com.br\/index.php?rest_route=\/wp\/v2\/pages\/7\/revisions"}],"predecessor-version":[{"id":430,"href":"https:\/\/chaveiroimobiliario.com.br\/index.php?rest_route=\/wp\/v2\/pages\/7\/revisions\/430"}],"wp:attachment":[{"href":"https:\/\/chaveiroimobiliario.com.br\/index.php?rest_route=%2Fwp%2Fv2%2Fmedia&parent=7"}],"curies":[{"name":"wp","href":"https:\/\/api.w.org\/{rel}","templated":true}]}}